{"id":463,"date":"2022-12-03T19:38:07","date_gmt":"2022-12-03T18:38:07","guid":{"rendered":"https:\/\/foto.kuko-ev.de\/?page_id=463"},"modified":"2023-07-21T10:45:58","modified_gmt":"2023-07-21T08:45:58","slug":"preise","status":"publish","type":"page","link":"https:\/\/foto.kuko-ev.de\/index.php\/preise\/","title":{"rendered":"Preise"},"content":{"rendered":"\t\t<div data-elementor-type=\"wp-page\" data-elementor-id=\"463\" class=\"elementor elementor-463\">\n\t\t\t\t\t\t<section class=\"elementor-section elementor-top-section elementor-element elementor-element-2b97ebe elementor-section-boxed elementor-section-height-default elementor-section-height-default\" data-id=\"2b97ebe\" data-element_type=\"section\" data-e-type=\"section\">\n\t\t\t\t\t\t<div class=\"elementor-container elementor-column-gap-default\">\n\t\t\t\t\t<div class=\"elementor-column elementor-col-100 elementor-top-column elementor-element elementor-element-24e51e0\" data-id=\"24e51e0\" data-element_type=\"column\" data-e-type=\"column\">\n\t\t\t<div class=\"elementor-widget-wrap elementor-element-populated\">\n\t\t\t\t\t\t<div class=\"elementor-element elementor-element-a551925 elementor-widget elementor-widget-heading\" data-id=\"a551925\" data-element_type=\"widget\" data-e-type=\"widget\" data-widget_type=\"heading.default\">\n\t\t\t\t<div class=\"elementor-widget-container\">\n\t\t\t\t\t<h4 class=\"elementor-heading-title elementor-size-default\">Hier findet Ihr demn\u00e4chst eine aktuelle Preisliste f\u00fcr die Kosten f\u00fcr eine Entwicklung in unserem Fotolabor....<\/h4>\t\t\t\t<\/div>\n\t\t\t\t<\/div>\n\t\t\t\t\t<\/div>\n\t\t<\/div>\n\t\t\t\t\t<\/div>\n\t\t<\/section>\n\t\t\t\t<section class=\"elementor-section elementor-top-section elementor-element elementor-element-1c32820 elementor-hidden-desktop elementor-hidden-tablet elementor-hidden-mobile elementor-section-boxed elementor-section-height-default elementor-section-height-default\" data-id=\"1c32820\" data-element_type=\"section\" data-e-type=\"section\">\n\t\t\t\t\t\t<div class=\"elementor-container elementor-column-gap-default\">\n\t\t\t\t\t<div class=\"elementor-column elementor-col-100 elementor-top-column elementor-element elementor-element-69821c1\" data-id=\"69821c1\" data-element_type=\"column\" data-e-type=\"column\">\n\t\t\t<div class=\"elementor-widget-wrap elementor-element-populated\">\n\t\t\t\t\t\t<div class=\"elementor-element elementor-element-4b3f338 elementor-widget elementor-widget-heading\" data-id=\"4b3f338\" data-element_type=\"widget\" data-e-type=\"widget\" data-widget_type=\"heading.default\">\n\t\t\t\t<div class=\"elementor-widget-container\">\n\t\t\t\t\t<h4 class=\"elementor-heading-title elementor-size-default\">Preise f\u00fcr alles rund um euren Film<\/h4>\t\t\t\t<\/div>\n\t\t\t\t<\/div>\n\t\t\t\t<div class=\"elementor-element elementor-element-eff4507 elementor-icon-list--layout-traditional elementor-list-item-link-full_width elementor-widget elementor-widget-icon-list\" data-id=\"eff4507\" data-element_type=\"widget\" data-e-type=\"widget\" data-widget_type=\"icon-list.default\">\n\t\t\t\t<div class=\"elementor-widget-container\">\n\t\t\t\t\t\t\t<ul class=\"elementor-icon-list-items\">\n\t\t\t\t\t\t\t<li class=\"elementor-icon-list-item\">\n\t\t\t\t\t\t\t\t\t\t\t<span class=\"elementor-icon-list-icon\">\n\t\t\t\t\t\t\t<i aria-hidden=\"true\" class=\"fas fa-chevron-right\"><\/i>\t\t\t\t\t\t<\/span>\n\t\t\t\t\t\t\t\t\t\t<span class=\"elementor-icon-list-text\">Schwarz-Wei\u00df Entwicklung (135\/120) ... 1,50\u20ac<\/span>\n\t\t\t\t\t\t\t\t\t<\/li>\n\t\t\t\t\t\t\t\t<li class=\"elementor-icon-list-item\">\n\t\t\t\t\t\t\t\t\t\t\t<span class=\"elementor-icon-list-icon\">\n\t\t\t\t\t\t\t<i aria-hidden=\"true\" class=\"fas fa-chevron-right\"><\/i>\t\t\t\t\t\t<\/span>\n\t\t\t\t\t\t\t\t\t\t<span class=\"elementor-icon-list-text\">Schwarz-Wei\u00df Entwicklung (135\/120) ... 1,50\u20ac<\/span>\n\t\t\t\t\t\t\t\t\t<\/li>\n\t\t\t\t\t\t\t\t<li class=\"elementor-icon-list-item\">\n\t\t\t\t\t\t\t\t\t\t\t<span class=\"elementor-icon-list-icon\">\n\t\t\t\t\t\t\t<i aria-hidden=\"true\" class=\"fas fa-chevron-right\"><\/i>\t\t\t\t\t\t<\/span>\n\t\t\t\t\t\t\t\t\t\t<span class=\"elementor-icon-list-text\">Schwarzwei\u00dfentwicklung (eigener Entwickler, Rest von uns) ... 0,50\u20ac<\/span>\n\t\t\t\t\t\t\t\t\t<\/li>\n\t\t\t\t\t\t\t\t<li class=\"elementor-icon-list-item\">\n\t\t\t\t\t\t\t\t\t\t\t<span class=\"elementor-icon-list-icon\">\n\t\t\t\t\t\t\t<i aria-hidden=\"true\" class=\"fas fa-chevron-right\"><\/i>\t\t\t\t\t\t<\/span>\n\t\t\t\t\t\t\t\t\t\t<span class=\"elementor-icon-list-text\">Farbentwicklung (C41, E6, ECN2) ... nur auf Anfrage<\/span>\n\t\t\t\t\t\t\t\t\t<\/li>\n\t\t\t\t\t\t\t\t<li class=\"elementor-icon-list-item\">\n\t\t\t\t\t\t\t\t\t\t\t<span class=\"elementor-icon-list-icon\">\n\t\t\t\t\t\t\t<i aria-hidden=\"true\" class=\"fas fa-chevron-right\"><\/i>\t\t\t\t\t\t<\/span>\n\t\t\t\t\t\t\t\t\t\t<span class=\"elementor-icon-list-text\">Negativ-H\u00fclle ... 0,50\u20ac<\/span>\n\t\t\t\t\t\t\t\t\t<\/li>\n\t\t\t\t\t\t\t\t<li class=\"elementor-icon-list-item\">\n\t\t\t\t\t\t\t\t\t\t\t<span class=\"elementor-icon-list-icon\">\n\t\t\t\t\t\t\t<i aria-hidden=\"true\" class=\"fas fa-chevron-right\"><\/i>\t\t\t\t\t\t<\/span>\n\t\t\t\t\t\t\t\t\t\t<span class=\"elementor-icon-list-text\">Kontaktabzug richtet sich nach Gr\u00f6\u00dfe und Papierart<\/span>\n\t\t\t\t\t\t\t\t\t<\/li>\n\t\t\t\t\t\t<\/ul>\n\t\t\t\t\t\t<\/div>\n\t\t\t\t<\/div>\n\t\t\t\t\t<\/div>\n\t\t<\/div>\n\t\t\t\t\t<\/div>\n\t\t<\/section>\n\t\t\t\t<section class=\"elementor-section elementor-top-section elementor-element elementor-element-1a5a796 elementor-hidden-desktop elementor-hidden-tablet elementor-hidden-mobile elementor-section-boxed elementor-section-height-default elementor-section-height-default\" data-id=\"1a5a796\" data-element_type=\"section\" data-e-type=\"section\">\n\t\t\t\t\t\t<div class=\"elementor-container elementor-column-gap-default\">\n\t\t\t\t\t<div class=\"elementor-column elementor-col-100 elementor-top-column elementor-element elementor-element-f0b1399\" data-id=\"f0b1399\" data-element_type=\"column\" data-e-type=\"column\">\n\t\t\t<div class=\"elementor-widget-wrap elementor-element-populated\">\n\t\t\t\t\t\t<div class=\"elementor-element elementor-element-c136489 elementor-widget elementor-widget-heading\" data-id=\"c136489\" data-element_type=\"widget\" data-e-type=\"widget\" data-widget_type=\"heading.default\">\n\t\t\t\t<div class=\"elementor-widget-container\">\n\t\t\t\t\t<h4 class=\"elementor-heading-title elementor-size-default\">Preise f\u00fcr Schwarz-Wei\u00df Abz\u00fcge (RC-Papier \/ Barytpapier) je nach Format<\/h4>\t\t\t\t<\/div>\n\t\t\t\t<\/div>\n\t\t\t\t<div class=\"elementor-element elementor-element-c8960b0 elementor-icon-list--layout-traditional elementor-list-item-link-full_width elementor-widget elementor-widget-icon-list\" data-id=\"c8960b0\" data-element_type=\"widget\" data-e-type=\"widget\" data-widget_type=\"icon-list.default\">\n\t\t\t\t<div class=\"elementor-widget-container\">\n\t\t\t\t\t\t\t<ul class=\"elementor-icon-list-items\">\n\t\t\t\t\t\t\t<li class=\"elementor-icon-list-item\">\n\t\t\t\t\t\t\t\t\t\t\t<span class=\"elementor-icon-list-icon\">\n\t\t\t\t\t\t\t<i aria-hidden=\"true\" class=\"fas fa-chevron-right\"><\/i>\t\t\t\t\t\t<\/span>\n\t\t\t\t\t\t\t\t\t\t<span class=\"elementor-icon-list-text\">alles unter 9x13cm ... 0,25\u20ac<\/span>\n\t\t\t\t\t\t\t\t\t<\/li>\n\t\t\t\t\t\t\t\t<li class=\"elementor-icon-list-item\">\n\t\t\t\t\t\t\t\t\t\t\t<span class=\"elementor-icon-list-icon\">\n\t\t\t\t\t\t\t<i aria-hidden=\"true\" class=\"fas fa-chevron-right\"><\/i>\t\t\t\t\t\t<\/span>\n\t\t\t\t\t\t\t\t\t\t<span class=\"elementor-icon-list-text\">9x13cm ... 0,30\u20ac \/ 0,50\u20ac<\/span>\n\t\t\t\t\t\t\t\t\t<\/li>\n\t\t\t\t\t\t\t\t<li class=\"elementor-icon-list-item\">\n\t\t\t\t\t\t\t\t\t\t\t<span class=\"elementor-icon-list-icon\">\n\t\t\t\t\t\t\t<i aria-hidden=\"true\" class=\"fas fa-chevron-right\"><\/i>\t\t\t\t\t\t<\/span>\n\t\t\t\t\t\t\t\t\t\t<span class=\"elementor-icon-list-text\">10x15cm ... 0,40\u20ac \/ 0,80\u20ac<\/span>\n\t\t\t\t\t\t\t\t\t<\/li>\n\t\t\t\t\t\t\t\t<li class=\"elementor-icon-list-item\">\n\t\t\t\t\t\t\t\t\t\t\t<a href=\"http:\/\/18x24cm%201,00\u20ac\/2,00\u20ac\">\n\n\t\t\t\t\t\t\t\t\t\t\t\t<span class=\"elementor-icon-list-icon\">\n\t\t\t\t\t\t\t<i aria-hidden=\"true\" class=\"fas fa-chevron-right\"><\/i>\t\t\t\t\t\t<\/span>\n\t\t\t\t\t\t\t\t\t\t<span class=\"elementor-icon-list-text\">13x18cm ... 0,60\u20ac \/ 1,20\u20ac<\/span>\n\t\t\t\t\t\t\t\t\t\t\t<\/a>\n\t\t\t\t\t\t\t\t\t<\/li>\n\t\t\t\t\t\t\t\t<li class=\"elementor-icon-list-item\">\n\t\t\t\t\t\t\t\t\t\t\t<span class=\"elementor-icon-list-icon\">\n\t\t\t\t\t\t\t<i aria-hidden=\"true\" class=\"fas fa-chevron-right\"><\/i>\t\t\t\t\t\t<\/span>\n\t\t\t\t\t\t\t\t\t\t<span class=\"elementor-icon-list-text\">18x24cm ... 1,00\u20ac \/ 2,00\u20ac<\/span>\n\t\t\t\t\t\t\t\t\t<\/li>\n\t\t\t\t\t\t\t\t<li class=\"elementor-icon-list-item\">\n\t\t\t\t\t\t\t\t\t\t\t<span class=\"elementor-icon-list-icon\">\n\t\t\t\t\t\t\t<i aria-hidden=\"true\" class=\"fas fa-chevron-right\"><\/i>\t\t\t\t\t\t<\/span>\n\t\t\t\t\t\t\t\t\t\t<span class=\"elementor-icon-list-text\">24x30cm ... 1,40\u20ac \/ 2,80\u20ac<\/span>\n\t\t\t\t\t\t\t\t\t<\/li>\n\t\t\t\t\t\t\t\t<li class=\"elementor-icon-list-item\">\n\t\t\t\t\t\t\t\t\t\t\t<span class=\"elementor-icon-list-icon\">\n\t\t\t\t\t\t\t<i aria-hidden=\"true\" class=\"fas fa-chevron-right\"><\/i>\t\t\t\t\t\t<\/span>\n\t\t\t\t\t\t\t\t\t\t<span class=\"elementor-icon-list-text\">Alle gr\u00f6\u00dferen Formate bitte auf Anfrage<\/span>\n\t\t\t\t\t\t\t\t\t<\/li>\n\t\t\t\t\t\t\t\t<li class=\"elementor-icon-list-item\">\n\t\t\t\t\t\t\t\t\t\t\t<span class=\"elementor-icon-list-icon\">\n\t\t\t\t\t\t\t<i aria-hidden=\"true\" class=\"fas fa-chevron-right\"><\/i>\t\t\t\t\t\t<\/span>\n\t\t\t\t\t\t\t\t\t\t<span class=\"elementor-icon-list-text\">Bei Papieren mit deutlichem Qualit\u00e4tsverlust (uralt Orwos, etc.) sind nach Absprache auch andere Preise m\u00f6glich, zum einfach mal experimentieren oder Spa\u00df haben \ud83d\ude42<\/span>\n\t\t\t\t\t\t\t\t\t<\/li>\n\t\t\t\t\t\t<\/ul>\n\t\t\t\t\t\t<\/div>\n\t\t\t\t<\/div>\n\t\t\t\t\t<\/div>\n\t\t<\/div>\n\t\t\t\t\t<\/div>\n\t\t<\/section>\n\t\t\t\t<section class=\"elementor-section elementor-top-section elementor-element elementor-element-1974e51 elementor-hidden-desktop elementor-hidden-tablet elementor-hidden-mobile elementor-section-boxed elementor-section-height-default elementor-section-height-default\" data-id=\"1974e51\" data-element_type=\"section\" data-e-type=\"section\">\n\t\t\t\t\t\t<div class=\"elementor-container elementor-column-gap-default\">\n\t\t\t\t\t<div class=\"elementor-column elementor-col-100 elementor-top-column elementor-element elementor-element-f7a2307\" data-id=\"f7a2307\" data-element_type=\"column\" data-e-type=\"column\">\n\t\t\t<div class=\"elementor-widget-wrap elementor-element-populated\">\n\t\t\t\t\t\t<div class=\"elementor-element elementor-element-2c22ef4 elementor-widget elementor-widget-heading\" data-id=\"2c22ef4\" data-element_type=\"widget\" data-e-type=\"widget\" data-widget_type=\"heading.default\">\n\t\t\t\t<div class=\"elementor-widget-container\">\n\t\t\t\t\t<h4 class=\"elementor-heading-title elementor-size-default\">Extras f\u00fcr Schwarzwei\u00dfabz\u00fcge<\/h4>\t\t\t\t<\/div>\n\t\t\t\t<\/div>\n\t\t\t\t<div class=\"elementor-element elementor-element-4d58637 elementor-icon-list--layout-traditional elementor-list-item-link-full_width elementor-widget elementor-widget-icon-list\" data-id=\"4d58637\" data-element_type=\"widget\" data-e-type=\"widget\" data-widget_type=\"icon-list.default\">\n\t\t\t\t<div class=\"elementor-widget-container\">\n\t\t\t\t\t\t\t<ul class=\"elementor-icon-list-items\">\n\t\t\t\t\t\t\t<li class=\"elementor-icon-list-item\">\n\t\t\t\t\t\t\t\t\t\t\t<span class=\"elementor-icon-list-icon\">\n\t\t\t\t\t\t\t<i aria-hidden=\"true\" class=\"fas fa-chevron-right\"><\/i>\t\t\t\t\t\t<\/span>\n\t\t\t\t\t\t\t\t\t\t<span class=\"elementor-icon-list-text\">Farmerscher Abschw\u00e4cher pro 10ml Arbeitsl\u00f6sung ... 0,50\u20ac<\/span>\n\t\t\t\t\t\t\t\t\t<\/li>\n\t\t\t\t\t\t\t\t<li class=\"elementor-icon-list-item\">\n\t\t\t\t\t\t\t\t\t\t\t<span class=\"elementor-icon-list-icon\">\n\t\t\t\t\t\t\t<i aria-hidden=\"true\" class=\"fas fa-chevron-right\"><\/i>\t\t\t\t\t\t<\/span>\n\t\t\t\t\t\t\t\t\t\t<span class=\"elementor-icon-list-text\">Selentoner pro 500ml Ansatz zum Tonen (1+9) ... 3,00\u20ac<\/span>\n\t\t\t\t\t\t\t\t\t<\/li>\n\t\t\t\t\t\t\t\t<li class=\"elementor-icon-list-item\">\n\t\t\t\t\t\t\t\t\t\t\t<span class=\"elementor-icon-list-icon\">\n\t\t\t\t\t\t\t<i aria-hidden=\"true\" class=\"fas fa-chevron-right\"><\/i>\t\t\t\t\t\t<\/span>\n\t\t\t\t\t\t\t\t\t\t<span class=\"elementor-icon-list-text\">Selentoner pro 500ml Ansatz zum Archivfest machen (alles \u00fcber 1+29) ... 1.00\u20ac<\/span>\n\t\t\t\t\t\t\t\t\t<\/li>\n\t\t\t\t\t\t<\/ul>\n\t\t\t\t\t\t<\/div>\n\t\t\t\t<\/div>\n\t\t\t\t\t<\/div>\n\t\t<\/div>\n\t\t\t\t\t<\/div>\n\t\t<\/section>\n\t\t\t\t<section class=\"elementor-section elementor-top-section elementor-element elementor-element-c8df70e elementor-hidden-desktop elementor-hidden-tablet elementor-hidden-mobile elementor-section-boxed elementor-section-height-default elementor-section-height-default\" data-id=\"c8df70e\" data-element_type=\"section\" data-e-type=\"section\">\n\t\t\t\t\t\t<div class=\"elementor-container elementor-column-gap-default\">\n\t\t\t\t\t<div class=\"elementor-column elementor-col-100 elementor-top-column elementor-element elementor-element-4abf1ee\" data-id=\"4abf1ee\" data-element_type=\"column\" data-e-type=\"column\">\n\t\t\t<div class=\"elementor-widget-wrap elementor-element-populated\">\n\t\t\t\t\t\t<div class=\"elementor-element elementor-element-981dc9b elementor-widget elementor-widget-heading\" data-id=\"981dc9b\" data-element_type=\"widget\" data-e-type=\"widget\" data-widget_type=\"heading.default\">\n\t\t\t\t<div class=\"elementor-widget-container\">\n\t\t\t\t\t<h4 class=\"elementor-heading-title elementor-size-default\">Farbabz\u00fcge (R4A)<\/h4>\t\t\t\t<\/div>\n\t\t\t\t<\/div>\n\t\t\t\t<div class=\"elementor-element elementor-element-b9fa709 elementor-icon-list--layout-traditional elementor-list-item-link-full_width elementor-widget elementor-widget-icon-list\" data-id=\"b9fa709\" data-element_type=\"widget\" data-e-type=\"widget\" data-widget_type=\"icon-list.default\">\n\t\t\t\t<div class=\"elementor-widget-container\">\n\t\t\t\t\t\t\t<ul class=\"elementor-icon-list-items\">\n\t\t\t\t\t\t\t<li class=\"elementor-icon-list-item\">\n\t\t\t\t\t\t\t\t\t\t\t<span class=\"elementor-icon-list-icon\">\n\t\t\t\t\t\t\t<i aria-hidden=\"true\" class=\"fas fa-chevron-right\"><\/i>\t\t\t\t\t\t<\/span>\n\t\t\t\t\t\t\t\t\t\t<span class=\"elementor-icon-list-text\">13x18cm ... 0,60\u20ac<\/span>\n\t\t\t\t\t\t\t\t\t<\/li>\n\t\t\t\t\t\t<\/ul>\n\t\t\t\t\t\t<\/div>\n\t\t\t\t<\/div>\n\t\t\t\t<div class=\"elementor-element elementor-element-a6c1001 elementor-widget elementor-widget-spacer\" data-id=\"a6c1001\" data-element_type=\"widget\" data-e-type=\"widget\" data-widget_type=\"spacer.default\">\n\t\t\t\t<div class=\"elementor-widget-container\">\n\t\t\t\t\t\t\t<div class=\"elementor-spacer\">\n\t\t\t<div class=\"elementor-spacer-inner\"><\/div>\n\t\t<\/div>\n\t\t\t\t\t\t<\/div>\n\t\t\t\t<\/div>\n\t\t\t\t\t<\/div>\n\t\t<\/div>\n\t\t\t\t\t<\/div>\n\t\t<\/section>\n\t\t\t\t<\/div>\n\t\t","protected":false},"excerpt":{"rendered":"<p>Hier findet Ihr demn\u00e4chst eine aktuelle Preisliste f\u00fcr die Kosten f\u00fcr eine Entwicklung in unserem Fotolabor&#8230;. Preise f\u00fcr alles rund um euren Film Schwarz-Wei\u00df Entwicklung (135\/120) &#8230; 1,50\u20ac Schwarz-Wei\u00df Entwicklung (135\/120) &#8230; 1,50\u20ac Schwarzwei\u00dfentwicklung (eigener Entwickler, Rest von uns) &#8230; 0,50\u20ac Farbentwicklung (C41, E6, ECN2) &#8230; nur auf Anfrage Negativ-H\u00fclle &#8230; 0,50\u20ac Kontaktabzug richtet sich &hellip; <\/p>\n<p class=\"link-more\"><a href=\"https:\/\/foto.kuko-ev.de\/index.php\/preise\/\" class=\"more-link\">Mehr <span class=\"screen-reader-text\">\u00fcber &#8222;Preise&#8220; <\/span>Lesen<\/a><\/p>\n","protected":false},"author":7,"featured_media":643,"parent":0,"menu_order":0,"comment_status":"closed","ping_status":"closed","template":"","meta":{"inspiro_hide_title":false,"footnotes":""},"class_list":["post-463","page","type-page","status-publish","has-post-thumbnail","hentry"],"yoast_head":"<!-- This site is optimized with the Yoast SEO plugin v27.5 - https:\/\/yoast.com\/product\/yoast-seo-wordpress\/ -->\n<title>Preise - ArGe Foto Ilmenau<\/title>\n<meta name=\"robots\" content=\"index, follow, max-snippet:-1, max-image-preview:large, max-video-preview:-1\" \/>\n<link rel=\"canonical\" href=\"https:\/\/foto.kuko-ev.de\/index.php\/preise\/\" \/>\n<meta property=\"og:locale\" content=\"de_DE\" \/>\n<meta property=\"og:type\" content=\"article\" \/>\n<meta property=\"og:title\" content=\"Preise - ArGe Foto Ilmenau\" \/>\n<meta property=\"og:description\" content=\"Hier findet Ihr demn\u00e4chst eine aktuelle Preisliste f\u00fcr die Kosten f\u00fcr eine Entwicklung in unserem Fotolabor&#8230;. Preise f\u00fcr alles rund um euren Film Schwarz-Wei\u00df Entwicklung (135\/120) &#8230; 1,50\u20ac Schwarz-Wei\u00df Entwicklung (135\/120) &#8230; 1,50\u20ac Schwarzwei\u00dfentwicklung (eigener Entwickler, Rest von uns) &#8230; 0,50\u20ac Farbentwicklung (C41, E6, ECN2) &#8230; nur auf Anfrage Negativ-H\u00fclle &#8230; 0,50\u20ac Kontaktabzug richtet sich &hellip; Mehr \u00fcber &quot;Preise&quot; Lesen\" \/>\n<meta property=\"og:url\" content=\"https:\/\/foto.kuko-ev.de\/index.php\/preise\/\" \/>\n<meta property=\"og:site_name\" content=\"ArGe Foto Ilmenau\" \/>\n<meta property=\"article:modified_time\" content=\"2023-07-21T08:45:58+00:00\" \/>\n<meta property=\"og:image\" content=\"http:\/\/foto.kuko-ev.de\/wp-content\/uploads\/sites\/4\/2023\/02\/Entwicklung_1-scaled.jpg\" \/>\n\t<meta property=\"og:image:width\" content=\"2560\" \/>\n\t<meta property=\"og:image:height\" content=\"1707\" \/>\n\t<meta property=\"og:image:type\" content=\"image\/jpeg\" \/>\n<meta name=\"twitter:card\" content=\"summary_large_image\" \/>\n<meta name=\"twitter:label1\" content=\"Gesch\u00e4tzte Lesezeit\" \/>\n\t<meta name=\"twitter:data1\" content=\"1\u00a0Minute\" \/>\n<script type=\"application\/ld+json\" class=\"yoast-schema-graph\">{\"@context\":\"https:\\\/\\\/schema.org\",\"@graph\":[{\"@type\":\"WebPage\",\"@id\":\"https:\\\/\\\/foto.kuko-ev.de\\\/index.php\\\/preise\\\/\",\"url\":\"https:\\\/\\\/foto.kuko-ev.de\\\/index.php\\\/preise\\\/\",\"name\":\"Preise - ArGe Foto Ilmenau\",\"isPartOf\":{\"@id\":\"https:\\\/\\\/foto.kuko-ev.de\\\/#website\"},\"primaryImageOfPage\":{\"@id\":\"https:\\\/\\\/foto.kuko-ev.de\\\/index.php\\\/preise\\\/#primaryimage\"},\"image\":{\"@id\":\"https:\\\/\\\/foto.kuko-ev.de\\\/index.php\\\/preise\\\/#primaryimage\"},\"thumbnailUrl\":\"https:\\\/\\\/foto.kuko-ev.de\\\/wp-content\\\/uploads\\\/sites\\\/4\\\/2023\\\/02\\\/Entwicklung_1-scaled.jpg\",\"datePublished\":\"2022-12-03T18:38:07+00:00\",\"dateModified\":\"2023-07-21T08:45:58+00:00\",\"breadcrumb\":{\"@id\":\"https:\\\/\\\/foto.kuko-ev.de\\\/index.php\\\/preise\\\/#breadcrumb\"},\"inLanguage\":\"de\",\"potentialAction\":[{\"@type\":\"ReadAction\",\"target\":[\"https:\\\/\\\/foto.kuko-ev.de\\\/index.php\\\/preise\\\/\"]}]},{\"@type\":\"ImageObject\",\"inLanguage\":\"de\",\"@id\":\"https:\\\/\\\/foto.kuko-ev.de\\\/index.php\\\/preise\\\/#primaryimage\",\"url\":\"https:\\\/\\\/foto.kuko-ev.de\\\/wp-content\\\/uploads\\\/sites\\\/4\\\/2023\\\/02\\\/Entwicklung_1-scaled.jpg\",\"contentUrl\":\"https:\\\/\\\/foto.kuko-ev.de\\\/wp-content\\\/uploads\\\/sites\\\/4\\\/2023\\\/02\\\/Entwicklung_1-scaled.jpg\",\"width\":2560,\"height\":1707},{\"@type\":\"BreadcrumbList\",\"@id\":\"https:\\\/\\\/foto.kuko-ev.de\\\/index.php\\\/preise\\\/#breadcrumb\",\"itemListElement\":[{\"@type\":\"ListItem\",\"position\":1,\"name\":\"Startseite\",\"item\":\"https:\\\/\\\/foto.kuko-ev.de\\\/\"},{\"@type\":\"ListItem\",\"position\":2,\"name\":\"Preise\"}]},{\"@type\":\"WebSite\",\"@id\":\"https:\\\/\\\/foto.kuko-ev.de\\\/#website\",\"url\":\"https:\\\/\\\/foto.kuko-ev.de\\\/\",\"name\":\"ArGe Foto Ilmenau\",\"description\":\"Kulturelle Koordinierung e.V.\",\"publisher\":{\"@id\":\"https:\\\/\\\/foto.kuko-ev.de\\\/#organization\"},\"potentialAction\":[{\"@type\":\"SearchAction\",\"target\":{\"@type\":\"EntryPoint\",\"urlTemplate\":\"https:\\\/\\\/foto.kuko-ev.de\\\/?s={search_term_string}\"},\"query-input\":{\"@type\":\"PropertyValueSpecification\",\"valueRequired\":true,\"valueName\":\"search_term_string\"}}],\"inLanguage\":\"de\"},{\"@type\":\"Organization\",\"@id\":\"https:\\\/\\\/foto.kuko-ev.de\\\/#organization\",\"name\":\"ArGe Foto Ilmenau\",\"url\":\"https:\\\/\\\/foto.kuko-ev.de\\\/\",\"logo\":{\"@type\":\"ImageObject\",\"inLanguage\":\"de\",\"@id\":\"https:\\\/\\\/foto.kuko-ev.de\\\/#\\\/schema\\\/logo\\\/image\\\/\",\"url\":\"https:\\\/\\\/foto.kuko-ev.de\\\/wp-content\\\/uploads\\\/sites\\\/4\\\/2022\\\/08\\\/cropped-cropped-cropped-logo_symbol_w-1-1.png\",\"contentUrl\":\"https:\\\/\\\/foto.kuko-ev.de\\\/wp-content\\\/uploads\\\/sites\\\/4\\\/2022\\\/08\\\/cropped-cropped-cropped-logo_symbol_w-1-1.png\",\"width\":90,\"height\":90,\"caption\":\"ArGe Foto Ilmenau\"},\"image\":{\"@id\":\"https:\\\/\\\/foto.kuko-ev.de\\\/#\\\/schema\\\/logo\\\/image\\\/\"}}]}<\/script>\n<!-- \/ Yoast SEO plugin. -->","yoast_head_json":{"title":"Preise - ArGe Foto Ilmenau","robots":{"index":"index","follow":"follow","max-snippet":"max-snippet:-1","max-image-preview":"max-image-preview:large","max-video-preview":"max-video-preview:-1"},"canonical":"https:\/\/foto.kuko-ev.de\/index.php\/preise\/","og_locale":"de_DE","og_type":"article","og_title":"Preise - ArGe Foto Ilmenau","og_description":"Hier findet Ihr demn\u00e4chst eine aktuelle Preisliste f\u00fcr die Kosten f\u00fcr eine Entwicklung in unserem Fotolabor&#8230;. Preise f\u00fcr alles rund um euren Film Schwarz-Wei\u00df Entwicklung (135\/120) &#8230; 1,50\u20ac Schwarz-Wei\u00df Entwicklung (135\/120) &#8230; 1,50\u20ac Schwarzwei\u00dfentwicklung (eigener Entwickler, Rest von uns) &#8230; 0,50\u20ac Farbentwicklung (C41, E6, ECN2) &#8230; nur auf Anfrage Negativ-H\u00fclle &#8230; 0,50\u20ac Kontaktabzug richtet sich &hellip; Mehr \u00fcber \"Preise\" Lesen","og_url":"https:\/\/foto.kuko-ev.de\/index.php\/preise\/","og_site_name":"ArGe Foto Ilmenau","article_modified_time":"2023-07-21T08:45:58+00:00","og_image":[{"width":2560,"height":1707,"url":"http:\/\/foto.kuko-ev.de\/wp-content\/uploads\/sites\/4\/2023\/02\/Entwicklung_1-scaled.jpg","type":"image\/jpeg"}],"twitter_card":"summary_large_image","twitter_misc":{"Gesch\u00e4tzte Lesezeit":"1\u00a0Minute"},"schema":{"@context":"https:\/\/schema.org","@graph":[{"@type":"WebPage","@id":"https:\/\/foto.kuko-ev.de\/index.php\/preise\/","url":"https:\/\/foto.kuko-ev.de\/index.php\/preise\/","name":"Preise - ArGe Foto Ilmenau","isPartOf":{"@id":"https:\/\/foto.kuko-ev.de\/#website"},"primaryImageOfPage":{"@id":"https:\/\/foto.kuko-ev.de\/index.php\/preise\/#primaryimage"},"image":{"@id":"https:\/\/foto.kuko-ev.de\/index.php\/preise\/#primaryimage"},"thumbnailUrl":"https:\/\/foto.kuko-ev.de\/wp-content\/uploads\/sites\/4\/2023\/02\/Entwicklung_1-scaled.jpg","datePublished":"2022-12-03T18:38:07+00:00","dateModified":"2023-07-21T08:45:58+00:00","breadcrumb":{"@id":"https:\/\/foto.kuko-ev.de\/index.php\/preise\/#breadcrumb"},"inLanguage":"de","potentialAction":[{"@type":"ReadAction","target":["https:\/\/foto.kuko-ev.de\/index.php\/preise\/"]}]},{"@type":"ImageObject","inLanguage":"de","@id":"https:\/\/foto.kuko-ev.de\/index.php\/preise\/#primaryimage","url":"https:\/\/foto.kuko-ev.de\/wp-content\/uploads\/sites\/4\/2023\/02\/Entwicklung_1-scaled.jpg","contentUrl":"https:\/\/foto.kuko-ev.de\/wp-content\/uploads\/sites\/4\/2023\/02\/Entwicklung_1-scaled.jpg","width":2560,"height":1707},{"@type":"BreadcrumbList","@id":"https:\/\/foto.kuko-ev.de\/index.php\/preise\/#breadcrumb","itemListElement":[{"@type":"ListItem","position":1,"name":"Startseite","item":"https:\/\/foto.kuko-ev.de\/"},{"@type":"ListItem","position":2,"name":"Preise"}]},{"@type":"WebSite","@id":"https:\/\/foto.kuko-ev.de\/#website","url":"https:\/\/foto.kuko-ev.de\/","name":"ArGe Foto Ilmenau","description":"Kulturelle Koordinierung e.V.","publisher":{"@id":"https:\/\/foto.kuko-ev.de\/#organization"},"potentialAction":[{"@type":"SearchAction","target":{"@type":"EntryPoint","urlTemplate":"https:\/\/foto.kuko-ev.de\/?s={search_term_string}"},"query-input":{"@type":"PropertyValueSpecification","valueRequired":true,"valueName":"search_term_string"}}],"inLanguage":"de"},{"@type":"Organization","@id":"https:\/\/foto.kuko-ev.de\/#organization","name":"ArGe Foto Ilmenau","url":"https:\/\/foto.kuko-ev.de\/","logo":{"@type":"ImageObject","inLanguage":"de","@id":"https:\/\/foto.kuko-ev.de\/#\/schema\/logo\/image\/","url":"https:\/\/foto.kuko-ev.de\/wp-content\/uploads\/sites\/4\/2022\/08\/cropped-cropped-cropped-logo_symbol_w-1-1.png","contentUrl":"https:\/\/foto.kuko-ev.de\/wp-content\/uploads\/sites\/4\/2022\/08\/cropped-cropped-cropped-logo_symbol_w-1-1.png","width":90,"height":90,"caption":"ArGe Foto Ilmenau"},"image":{"@id":"https:\/\/foto.kuko-ev.de\/#\/schema\/logo\/image\/"}}]}},"_links":{"self":[{"href":"https:\/\/foto.kuko-ev.de\/index.php\/wp-json\/wp\/v2\/pages\/463","targetHints":{"allow":["GET"]}}],"collection":[{"href":"https:\/\/foto.kuko-ev.de\/index.php\/wp-json\/wp\/v2\/pages"}],"about":[{"href":"https:\/\/foto.kuko-ev.de\/index.php\/wp-json\/wp\/v2\/types\/page"}],"author":[{"embeddable":true,"href":"https:\/\/foto.kuko-ev.de\/index.php\/wp-json\/wp\/v2\/users\/7"}],"replies":[{"embeddable":true,"href":"https:\/\/foto.kuko-ev.de\/index.php\/wp-json\/wp\/v2\/comments?post=463"}],"version-history":[{"count":29,"href":"https:\/\/foto.kuko-ev.de\/index.php\/wp-json\/wp\/v2\/pages\/463\/revisions"}],"predecessor-version":[{"id":801,"href":"https:\/\/foto.kuko-ev.de\/index.php\/wp-json\/wp\/v2\/pages\/463\/revisions\/801"}],"wp:featuredmedia":[{"embeddable":true,"href":"https:\/\/foto.kuko-ev.de\/index.php\/wp-json\/wp\/v2\/media\/643"}],"wp:attachment":[{"href":"https:\/\/foto.kuko-ev.de\/index.php\/wp-json\/wp\/v2\/media?parent=463"}],"curies":[{"name":"wp","href":"https:\/\/api.w.org\/{rel}","templated":true}]}}